{"id":461,"date":"2016-03-31T16:04:22","date_gmt":"2016-03-31T16:04:22","guid":{"rendered":"http:\/\/wp.magnium-themes.com\/thebuilt\/thebuilt-onepage\/?page_id=461"},"modified":"2023-05-09T08:07:23","modified_gmt":"2023-05-09T06:07:23","slug":"our-services","status":"publish","type":"page","link":"https:\/\/gab-expert.fr\/?page_id=461","title":{"rendered":"Nos Services"},"content":{"rendered":"<p>[vc_row][vc_column width=\u00a0\u00bb1\/3&Prime;]<style scoped='scoped'>.mgt-promo-block-41799.mgt-promo-block.darken .mgt-promo-block-content {background-color: rgba(0,0,0,0.3)!important;}.mgt-promo-block-41799.mgt-promo-block.animated:hover .mgt-promo-block-content {background-color: rgba(0,0,0,0.5)!important;}<\/style><a class=\"mgt-promo-block-link\" href=\"https:\/\/gab-expert.fr\/?page_id=4139\"><div class=\"mgt-promo-block animated white-text cover-image text-size-normal darken mgt-promo-block-41799 wpb_content_element\" data-style=\"background-image: url(https:\/\/gab-expert.fr\/wp-content\/uploads\/2020\/09\/fuiteeauaprescompteurjpg_5e3ff17cd8082.jpg);background-repeat: no-repeat;width: 100%; height: 320px;\"><div class=\"mgt-promo-block-content va-bottom\"><div class=\"mgt-promo-block-content-inside\">\n<p style=\"text-align: left\">RECHERCHE DE FUITE NON DESTRUCTIVE PAR D\u00c9TECTION TECHNIQUE\n<\/div><\/div><\/div><\/a>[\/vc_column][vc_column width=\u00a0\u00bb1\/3&Prime;]<style scoped='scoped'>.mgt-promo-block-78932.mgt-promo-block.darken .mgt-promo-block-content {background-color: rgba(0,0,0,0.3)!important;}.mgt-promo-block-78932.mgt-promo-block.animated:hover .mgt-promo-block-content {background-color: rgba(0,0,0,0.5)!important;}<\/style><a class=\"mgt-promo-block-link\" href=\"https:\/\/gab-expert.fr\/?page_id=3603\"><div class=\"mgt-promo-block animated white-text cover-image text-size-normal darken mgt-promo-block-78932 wpb_content_element wpb_animate_when_almost_visible wpb_appear\" data-style=\"background-image: url(https:\/\/gab-expert.fr\/wp-content\/uploads\/2020\/03\/261893-P4LPPL-45-min-scaled.jpg);background-repeat: no-repeat;width: 100%; height: 320px;\"><div class=\"mgt-promo-block-content va-bottom\"><div class=\"mgt-promo-block-content-inside vc_custom_1586245724543\">\n<h2 style=\"text-align: left\">Plomberie Urgence<\/h2>\nChez G.A.B., nos plombiers-chauffagistes interviennent \u00e0 toute heure.<\/div><\/div><\/div><\/a>[\/vc_column][vc_column width=\u00a0\u00bb1\/3&Prime;]<style scoped='scoped'>.mgt-promo-block-22869.mgt-promo-block.darken .mgt-promo-block-content {background-color: rgba(0,0,0,0.3)!important;}.mgt-promo-block-22869.mgt-promo-block.animated:hover .mgt-promo-block-content {background-color: rgba(0,0,0,0.5)!important;}<\/style><a class=\"mgt-promo-block-link\" href=\"https:\/\/gab-expert.fr\/?page_id=3954\"><div class=\"mgt-promo-block animated white-text cover-image text-size-normal darken mgt-promo-block-22869 wpb_content_element wpb_animate_when_almost_visible wpb_appear\" data-style=\"background-image: url(https:\/\/gab-expert.fr\/wp-content\/uploads\/2020\/03\/jen-theodore-CiMITAJtb6I-unsplash-2-scaled.jpg);background-repeat: no-repeat;width: 100%; height: 320px;\"><div class=\"mgt-promo-block-content va-bottom\"><div class=\"mgt-promo-block-content-inside vc_custom_1586272255373\">\n<h2>Serrurerie Urgence<\/h2>\nNos serruriers sont joignables \u00e0 toute la semaine de 24h\/24.<\/div><\/div><\/div><\/a>[\/vc_column][\/vc_row][vc_row][vc_column][vc_separator][\/vc_column][\/vc_row][vc_row][vc_column width=\u00a0\u00bb1\/3&Prime;]<style scoped='scoped'>.mgt-promo-block-47315338164.mgt-promo-block.darken .mgt-promo-block-content {background-color: rgba(10,10,10,0.3)!important;}.mgt-promo-block-47315338164.mgt-promo-block.animated:hover .mgt-promo-block-content {background-color: rgba(0,0,0,0.5)!important;}<\/style><a class=\"mgt-promo-block-link\" href=\"https:\/\/gab-expert.fr\/?page_id=3659\"><div class=\"mgt-promo-block animated white-text cover-image text-size-normal darken mgt-promo-block-47315338164 wpb_content_element wpb_animate_when_almost_visible wpb_appear\" data-style=\"background-image: url(https:\/\/gab-expert.fr\/wp-content\/uploads\/2020\/03\/roof-4125765_1920.jpg);background-repeat: no-repeat;width: 100%; height: 220px;\"><div class=\"mgt-promo-block-content\"><div class=\"mgt-promo-block-content-inside vc_custom_1683611913352\">\n<h2 style=\"text-align: center\">Couverture &#8211; D\u00e9pannage et R\u00e9paration de Toiture<\/h2>\n<\/div><\/div><\/div><\/a><style scoped='scoped'>.mgt-promo-block-47315338164.mgt-promo-block.darken .mgt-promo-block-content {background-color: rgba(10,10,10,0.3)!important;}.mgt-promo-block-47315338164.mgt-promo-block.animated:hover .mgt-promo-block-content {background-color: rgba(0,0,0,0.5)!important;}<\/style><a class=\"mgt-promo-block-link\" href=\"https:\/\/gab-expert.fr\/?page_id=3659\"><div class=\"mgt-promo-block animated white-text cover-image text-size-normal darken mgt-promo-block-47315338164 wpb_content_element wpb_animate_when_almost_visible wpb_appear\" data-style=\"background-image: url(https:\/\/gab-expert.fr\/wp-content\/uploads\/2020\/07\/G.A.B-Avant-et-Apres.jpg);background-repeat: no-repeat;width: 100%; height: 220px;\"><div class=\"mgt-promo-block-content\"><div class=\"mgt-promo-block-content-inside vc_custom_1683611455752\">\n<h2>Nettoyage des fa\u00e7ades et des toitures<\/h2>\n<\/div><\/div><\/div><\/a>[vc_column_text css_animation=\u00a0\u00bbbottom-to-top\u00a0\u00bb css=\u00a0\u00bb.vc_custom_1601319797896{padding-top: 25px !important;padding-right: 25px !important;padding-bottom: 25px !important;padding-left: 25px !important;background-color: #f5f5f5 !important;}\u00a0\u00bb el_class=\u00a0\u00bbthebuilt-textcolor-grey\u00a0\u00bb]<em><b>Votre fa\u00e7ade perd sa nature et son esth\u00e9tique suite aux diff\u00e9rentes intemp\u00e9ries et les poussi\u00e8res.<\/b><\/em>[\/vc_column_text][\/vc_column][vc_column width=\u00a0\u00bb1\/3&Prime;]<style scoped='scoped'>.mgt-promo-block-85565.mgt-promo-block.darken .mgt-promo-block-content {background-color: rgba(0,0,0,0.3)!important;}.mgt-promo-block-85565.mgt-promo-block.animated:hover .mgt-promo-block-content {background-color: rgba(0,0,0,0.5)!important;}<\/style><a class=\"mgt-promo-block-link\" href=\"https:\/\/gab-expert.fr\/?page_id=3657\"><div class=\"mgt-promo-block animated white-text cover-image text-size-normal darken mgt-promo-block-85565 wpb_content_element\" data-style=\"background-image: url(https:\/\/gab-expert.fr\/wp-content\/uploads\/2020\/03\/1592-min-scaled.jpg);background-repeat: no-repeat;width: 100%; height: 220px;\"><div class=\"mgt-promo-block-content\"><div class=\"mgt-promo-block-content-inside vc_custom_1586245984140\">\n<h2 style=\"text-align: center\">Isolation Thermique<\/h2>\n<\/div><\/div><\/div><\/a>[vc_column_text css_animation=\u00a0\u00bbbottom-to-top\u00a0\u00bb css=\u00a0\u00bb.vc_custom_1586246252425{padding-top: 25px !important;padding-right: 25px !important;padding-bottom: 25px !important;padding-left: 25px !important;background-color: #f5f5f5 !important;}\u00a0\u00bb]Pour am\u00e9liorer la performance \u00e9nerg\u00e9tique de votre habitation, il faut optimiser son \u00e9tanch\u00e9it\u00e9. Nos ouvriers r\u00e9visent l\u2019isolation de votre toiture, de vos combles, des murs, et des ouvertures.[\/vc_column_text][\/vc_column][vc_column width=\u00a0\u00bb1\/3&Prime;]<style scoped='scoped'>.mgt-promo-block-47315338634.mgt-promo-block.darken .mgt-promo-block-content {background-color: rgba(10,10,10,0.38)!important;}.mgt-promo-block-47315338634.mgt-promo-block.animated:hover .mgt-promo-block-content {background-color: rgba(0,0,0,0.5)!important;}<\/style><a class=\"mgt-promo-block-link\" href=\"https:\/\/gab-expert.fr\/?page_id=3646\"><div class=\"mgt-promo-block animated white-text cover-image text-size-normal darken mgt-promo-block-47315338634 wpb_content_element wpb_animate_when_almost_visible wpb_appear\" data-style=\"background-image: url(https:\/\/gab-expert.fr\/wp-content\/uploads\/2020\/03\/261867-P4LPF4-12-min-scaled.jpg);background-repeat: no-repeat;width: 100%; height: 220px;\"><div class=\"mgt-promo-block-content\"><div class=\"mgt-promo-block-content-inside vc_custom_1586246003006\">\n<h2 style=\"text-align: center\">D\u00e9bouchage Canalisation<\/h2>\n<\/div><\/div><\/div><\/a>[vc_column_text css_animation=\u00a0\u00bbbottom-to-top\u00a0\u00bb css=\u00a0\u00bb.vc_custom_1586246301005{padding-top: 25px !important;padding-right: 25px !important;padding-bottom: 25px !important;padding-left: 25px !important;background-color: #f5f5f5 !important;}\u00a0\u00bb]Au fil du temps, les tuyaux d\u2019\u00e9vacuation ont tendance \u00e0 accumuler des bouchons. Sans un entretien r\u00e9gulier de votre part, ce probl\u00e8me en apparence insignifiant, peut tr\u00e8s vite devenir une situation d\u2019urgence.[\/vc_column_text][\/vc_column][\/vc_row][vc_row css=\u00a0\u00bb.vc_custom_1459500649448{margin-bottom: 20px !important;}\u00a0\u00bb][vc_column width=\u00a0\u00bb1\/3&Prime;]<style scoped='scoped'>.mgt-promo-block-41315338664.mgt-promo-block.darken .mgt-promo-block-content {background-color: rgba(10,10,10,0.21)!important;}.mgt-promo-block-41315338664.mgt-promo-block.animated:hover .mgt-promo-block-content {background-color: rgba(0,0,0,0.5)!important;}<\/style><a class=\"mgt-promo-block-link\" href=\"https:\/\/gab-expert.fr\/?page_id=3682\"><div class=\"mgt-promo-block animated white-text cover-image text-size-normal darken mgt-promo-block-41315338664 wpb_content_element wpb_animate_when_almost_visible wpb_appear\" data-style=\"background-image: url(https:\/\/gab-expert.fr\/wp-content\/uploads\/2020\/03\/green-lid-with-metal-scraper-3616755-min-scaled.jpg);background-repeat: no-repeat;width: 100%; height: 220px;\"><div class=\"mgt-promo-block-content\"><div class=\"mgt-promo-block-content-inside vc_custom_1586246019212\">\n<h2 style=\"text-align: center\">R\u00e9novation Cuisine Salle de Bain<\/h2>\n<\/div><\/div><\/div><\/a>[vc_column_text css_animation=\u00a0\u00bbbottom-to-top\u00a0\u00bb css=\u00a0\u00bb.vc_custom_1586246372646{padding-top: 25px !important;padding-right: 25px !important;padding-bottom: 25px !important;padding-left: 25px !important;background-color: #f5f5f5 !important;}\u00a0\u00bb el_class=\u00a0\u00bbthebuilt-textcolor-grey\u00a0\u00bb]Notre entreprise G.A.B donne des conseils personnalis\u00e9s \u00e0 chaque besoin, pour l\u2019installation de votre cuisine ou de votre salle de bain.[\/vc_column_text][\/vc_column][vc_column width=\u00a0\u00bb1\/3&Prime;]<style scoped='scoped'>.mgt-promo-block-47315338964.mgt-promo-block.darken .mgt-promo-block-content {background-color: rgba(10,10,10,0.38)!important;}.mgt-promo-block-47315338964.mgt-promo-block.animated:hover .mgt-promo-block-content {background-color: rgba(0,0,0,0.5)!important;}<\/style><a class=\"mgt-promo-block-link\" href=\"https:\/\/gab-expert.fr\/?page_id=3658\"><div class=\"mgt-promo-block animated white-text cover-image text-size-normal darken mgt-promo-block-47315338964 wpb_content_element wpb_animate_when_almost_visible wpb_appear\" data-style=\"background-image: url(https:\/\/gab-expert.fr\/wp-content\/uploads\/2020\/03\/FLIR1163.jpg);background-repeat: no-repeat;width: 100%; height: 220px;\"><div class=\"mgt-promo-block-content\"><div class=\"mgt-promo-block-content-inside vc_custom_1586246032305\">\n<h2 style=\"text-align: center\">D\u00e9tection d&rsquo;Infiltration<\/h2>\n<\/div><\/div><\/div><\/a>[vc_column_text css_animation=\u00a0\u00bbbottom-to-top\u00a0\u00bb css=\u00a0\u00bb.vc_custom_1586246458563{padding-top: 25px !important;padding-right: 25px !important;padding-bottom: 25px !important;padding-left: 25px !important;background-color: #f5f5f5 !important;}\u00a0\u00bb]Pour effectuer une recherche de fuite, il est n\u00e9cessaire de conna\u00eetre le trac\u00e9 des canalisations de votre logement, que celles-ci soient enterr\u00e9es ou encastr\u00e9es.[\/vc_column_text][\/vc_column][vc_column width=\u00a0\u00bb1\/3&Prime;]<style scoped='scoped'>.mgt-promo-block-47355338664.mgt-promo-block.darken .mgt-promo-block-content {background-color: rgba(10,10,10,0.38)!important;}.mgt-promo-block-47355338664.mgt-promo-block.animated:hover .mgt-promo-block-content {background-color: rgba(0,0,0,0.5)!important;}<\/style><a class=\"mgt-promo-block-link\" href=\"https:\/\/gab-expert.fr\/?page_id=3673\"><div class=\"mgt-promo-block animated white-text cover-image text-size-normal darken mgt-promo-block-47355338664 wpb_content_element wpb_animate_when_almost_visible wpb_appear\" data-style=\"background-image: url(https:\/\/gab-expert.fr\/wp-content\/uploads\/2020\/04\/20190712_184108-min-Copy-min-scaled.jpg);background-repeat: no-repeat;width: 100%; height: 220px;\"><div class=\"mgt-promo-block-content\"><div class=\"mgt-promo-block-content-inside vc_custom_1587491277395\">\n<h2 style=\"text-align: center\">\u00c9tanch\u00e9it\u00e9<\/h2>\n<\/div><\/div><\/div><\/a>[vc_column_text css_animation=\u00a0\u00bbbottom-to-top\u00a0\u00bb css=\u00a0\u00bb.vc_custom_1586246497274{padding-top: 25px !important;padding-right: 25px !important;padding-bottom: 25px !important;padding-left: 25px !important;background-color: #f5f5f5 !important;}\u00a0\u00bb]Nos \u00e9quipes peuvent r\u00e9habiliter ou cr\u00e9er votre toiture terrasse, qu\u2019elle soit accessible, non accessible, v\u00e9g\u00e9talis\u00e9e ou photovolta\u00efque.[\/vc_column_text][\/vc_column][\/vc_row][vc_row css=\u00a0\u00bb.vc_custom_1459500687188{margin-bottom: 50px !important;}\u00a0\u00bb][vc_column]<div class=\"mgt-cta-block clearfix black-text with-text wpb_content_element\" data-style=\"background:  url(https:\/\/gab-expert.fr\/wp-content\/uploads\/2020\/03\/phone-number-scaled-e1585489268546.jpg) no-repeat;\"><div class=\"mgt-button-wrapper mgt-button-wrapper-align-right mgt-button-wrapper-display-newline mgt-button-top-margin-disable\"><a class=\"btn hvr-bounce-to-right mgt-button mgt-style-solid-invert mgt-size-normal mgt-align-right mgt-display-newline mgt-text-size-normal mgt-button-icon-position-left mgt-text-transform-uppercase \" href=\"https:\/\/gab-expert.fr\/?page_id=791\">Contacte-Nous<\/a><\/div><h5 class=\"mgt-cta-block-header\">Contactez nous<\/h5><div class=\"mgt-cta-block-content\"><\/p>\n<h3 style=\"text-align: center\">\u00a0 \u00a0 \u00a0 \u00a0 \u00a0 \u00a0 \u00a0 \u00a0 \u00a0 \u00a0 \u00a0 \u00a0 \u00a0 \u00a0 \u00a0 \u00a0Le num\u00e9ro d\u2019urgence ouvert 7 jours\/7 et 24 h\/24.<\/h3>\n<p><\/div><\/div>[\/vc_column][\/vc_row][vc_row][vc_column width=\u00a0\u00bb2\/3&Prime;][vc_column_text]<\/p>\n<h4>Notre entreprise est polyvalente. En effet, nos ouvriers sont en mesure de vous offrir une multitude de services :<\/h4>\n<p>&nbsp;<\/p>\n<ul>\n<li>Nous intervenons dans l&rsquo;imm\u00e9diat pour r\u00e9soudre vos urgences de plomberie et de serrurerie.<\/li>\n<li>Nous d\u00e9tectons \u00e0 temps, avec 100% de pr\u00e9cision, les infiltrations d&rsquo;air et les infiltrations d&rsquo;eau, afin d&rsquo;\u00e9viter d&rsquo;\u00e9ventuels d\u00e9g\u00e2ts.<\/li>\n<li>Nos plombiers proc\u00e8dent au d\u00e9bouchage de vos canalisations.<\/li>\n<li>Nos couvreurs installent votre toiture, et s&rsquo;assurent de sa bonne \u00e9tanch\u00e9it\u00e9. Ils am\u00e9liorent l&rsquo;isolation thermique de votre habitation, am\u00e9nagent vos combles, et vous font faire des \u00e9conomies sur votre facture \u00e9nerg\u00e9tique !<\/li>\n<li>En cas de d\u00e9g\u00e2t des eaux nous stoppons la fuite et nous r\u00e9novons les dommages caus\u00e9s par l\u2019eau. Nous savons peindre, poser du placoplatre ou du carrelage, ainsi que faire toute sorte de travaux de r\u00e9novations.<\/li>\n<li>Envie d&rsquo;une nouvelle salle de bain ? D&rsquo;une nouvelle cuisine ? Nous r\u00e9novons votre appartement ou maison, afin de vous offrir le chez-vous dont vous avez toujours r\u00eav\u00e9 !<\/li>\n<\/ul>\n<p>[\/vc_column_text][\/vc_column][vc_column width=\u00a0\u00bb1\/3&Prime;]<div class=\"mgt-promo-block white-text cover-image text-size-normal no-darken mgt-promo-block-16870 wpb_content_element\" data-style=\"background-image: url(https:\/\/gab-expert.fr\/wp-content\/uploads\/2020\/03\/86-min-scaled.jpg);background-repeat: no-repeat;width: 100%; height: 250px;\"><div class=\"mgt-promo-block-content\"><div class=\"mgt-promo-block-content-inside\"><\/div><\/div><\/div>[\/vc_column][\/vc_row]<\/p>\n","protected":false},"excerpt":{"rendered":"<p>[vc_row][vc_column width=\u00a0\u00bb1\/3&Prime;][\/vc_column][vc_column width=\u00a0\u00bb1\/3&Prime;][\/vc_column][vc_column width=\u00a0\u00bb1\/3&Prime;][\/vc_column][\/vc_row][vc_row][vc_column][vc_separator][\/vc_column][\/vc_row][vc_row][vc_column width=\u00a0\u00bb1\/3&Prime;][vc_column_text css_animation=\u00a0\u00bbbottom-to-top\u00a0\u00bb css=\u00a0\u00bb.vc_custom_1601319797896{padding-top: 25px !important;padding-right: 25px !important;padding-bottom: 25px !important;padding-left: 25px !important;background-color: #f5f5f5 !important;}\u00a0\u00bb el_class=\u00a0\u00bbthebuilt-textcolor-grey\u00a0\u00bb]Votre fa\u00e7ade perd sa nature et son esth\u00e9tique suite aux diff\u00e9rentes intemp\u00e9ries et&#8230;<\/p>\n","protected":false},"author":1,"featured_media":0,"parent":0,"menu_order":0,"comment_status":"closed","ping_status":"closed","template":"","meta":{"footnotes":""},"class_list":["post-461","page","type-page","status-publish","hentry"],"_links":{"self":[{"href":"https:\/\/gab-expert.fr\/index.php?rest_route=\/wp\/v2\/pages\/461","targetHints":{"allow":["GET"]}}],"collection":[{"href":"https:\/\/gab-expert.fr\/index.php?rest_route=\/wp\/v2\/pages"}],"about":[{"href":"https:\/\/gab-expert.fr\/index.php?rest_route=\/wp\/v2\/types\/page"}],"author":[{"embeddable":true,"href":"https:\/\/gab-expert.fr\/index.php?rest_route=\/wp\/v2\/users\/1"}],"replies":[{"embeddable":true,"href":"https:\/\/gab-expert.fr\/index.php?rest_route=%2Fwp%2Fv2%2Fcomments&post=461"}],"version-history":[{"count":94,"href":"https:\/\/gab-expert.fr\/index.php?rest_route=\/wp\/v2\/pages\/461\/revisions"}],"predecessor-version":[{"id":4276,"href":"https:\/\/gab-expert.fr\/index.php?rest_route=\/wp\/v2\/pages\/461\/revisions\/4276"}],"wp:attachment":[{"href":"https:\/\/gab-expert.fr\/index.php?rest_route=%2Fwp%2Fv2%2Fmedia&parent=461"}],"curies":[{"name":"wp","href":"https:\/\/api.w.org\/{rel}","templated":true}]}}