{"id":3954,"date":"2020-04-07T17:01:03","date_gmt":"2020-04-07T15:01:03","guid":{"rendered":"https:\/\/gab-expert.fr\/?page_id=3954"},"modified":"2020-09-29T14:17:46","modified_gmt":"2020-09-29T12:17:46","slug":"serrurerie-urgence-2","status":"publish","type":"page","link":"https:\/\/gab-expert.fr\/?page_id=3954","title":{"rendered":"Serrurerie Urgence 24H\/24"},"content":{"rendered":"<p>[vc_row equal_height=\u00a0\u00bbyes\u00a0\u00bb][vc_column]<div class=\"mgt-header-block clearfix text-left text-black wpb_content_element  mgt-header-block-style-2 mgt-header-texttransform-header \"><h2 class=\"mgt-header-block-title\">Nos services de serrurerie<\/h2><div class=\"mgt-header-line\"><\/div><\/div>[\/vc_column][vc_column width=\u00a0\u00bb2\/3&Prime; css=\u00a0\u00bb.vc_custom_1585767986281{padding-top: 25px !important;}\u00a0\u00bb][vc_column_text css=\u00a0\u00bb.vc_custom_1586271644560{padding-top: 20px !important;padding-right: 20px !important;padding-bottom: 20px !important;padding-left: 20px !important;}\u00a0\u00bb]<\/p>\n<p style=\"text-align: left;\"><strong>Vous \u00eates coinc\u00e9s devant votre porte d&rsquo;entr\u00e9e ? Vous avez eu le malheur de vous faire cambrioler ?<\/strong><\/p>\n<p>Nos serruriers sont joignables \u00e0 tout moment de la journ\u00e9e, 24h\/24 7j\/7. Nos anciens clients en t\u00e9moignent : nous sommes r\u00e9actifs, honn\u00eates et fiables. Agr\u00e9\u00e9s par toutes les assurances, vous pouvez faire appel \u00e0 nous sans h\u00e9siter pour l&rsquo;ouverture de votre porte d\u2019entr\u00e9e, qu&rsquo;elle soit blind\u00e9e, en PVC ou en bois. Nous rempla\u00e7ons votre serrure et nous reproduisons un double de vos cl\u00e9s. Vous pourrez ainsi en confier un exemplaire \u00e0 un voisin, un ami, ou \u00e0 un membre de votre famille.[\/vc_column_text][\/vc_column][vc_column width=\u00a0\u00bb1\/3&Prime;]<style scoped='scoped'>.mgt-promo-block-26002.mgt-promo-block.darken .mgt-promo-block-content {background-color: rgba(0,0,0,0.3)!important;}.mgt-promo-block-26002.mgt-promo-block.animated:hover .mgt-promo-block-content {background-color: rgba(0,0,0,0.5)!important;}<\/style><div class=\"mgt-promo-block animated white-text cover-image text-size-normal darken mgt-promo-block-26002 wpb_content_element wpb_animate_when_almost_visible wpb_appear\" data-style=\"width: 100%; height: 250px;\"><div class=\"mgt-promo-block-content\"><div class=\"mgt-promo-block-content-inside\">\n<h2 style=\"text-align: center\">Contactez-nous<\/h2>\n<h1 style=\"text-align: center\"><strong>06.58.10.55.16<\/strong><\/h1>\n<\/div><\/div><\/div>[\/vc_column][\/vc_row][vc_row][vc_column]<style scoped='scoped'>.mgt-promo-block-68976.mgt-promo-block.darken .mgt-promo-block-content {background-color: rgba(0,0,0,0.3)!important;}.mgt-promo-block-68976.mgt-promo-block.animated:hover .mgt-promo-block-content {background-color: rgba(0,0,0,0.5)!important;}<\/style><div class=\"mgt-promo-block animated white-text cover-image text-size-normal darken mgt-promo-block-68976 wpb_content_element\" data-style=\"background-image: url(https:\/\/gab-expert.fr\/wp-content\/uploads\/2020\/03\/keys-20290_1920.jpg);background-repeat: no-repeat;width: 100%; height: 700px;\"><div class=\"mgt-promo-block-content\"><div class=\"mgt-promo-block-content-inside\"><\/div><\/div><\/div>[\/vc_column][\/vc_row]<\/p>\n","protected":false},"excerpt":{"rendered":"<p>[vc_row equal_height=\u00a0\u00bbyes\u00a0\u00bb][vc_column][\/vc_column][vc_column width=\u00a0\u00bb2\/3&Prime; css=\u00a0\u00bb.vc_custom_1585767986281{padding-top: 25px !important;}\u00a0\u00bb][vc_column_text css=\u00a0\u00bb.vc_custom_1586271644560{padding-top: 20px !important;padding-right: 20px !important;padding-bottom: 20px !important;padding-left: 20px !important;}\u00a0\u00bb] Vous \u00eates coinc\u00e9s devant votre porte d&rsquo;entr\u00e9e ? Vous avez eu le malheur de vous&#8230;<\/p>\n","protected":false},"author":1,"featured_media":0,"parent":461,"menu_order":0,"comment_status":"closed","ping_status":"closed","template":"only-content-page.php","meta":{"footnotes":""},"class_list":["post-3954","page","type-page","status-publish","hentry"],"_links":{"self":[{"href":"https:\/\/gab-expert.fr\/index.php?rest_route=\/wp\/v2\/pages\/3954","targetHints":{"allow":["GET"]}}],"collection":[{"href":"https:\/\/gab-expert.fr\/index.php?rest_route=\/wp\/v2\/pages"}],"about":[{"href":"https:\/\/gab-expert.fr\/index.php?rest_route=\/wp\/v2\/types\/page"}],"author":[{"embeddable":true,"href":"https:\/\/gab-expert.fr\/index.php?rest_route=\/wp\/v2\/users\/1"}],"replies":[{"embeddable":true,"href":"https:\/\/gab-expert.fr\/index.php?rest_route=%2Fwp%2Fv2%2Fcomments&post=3954"}],"version-history":[{"count":4,"href":"https:\/\/gab-expert.fr\/index.php?rest_route=\/wp\/v2\/pages\/3954\/revisions"}],"predecessor-version":[{"id":4115,"href":"https:\/\/gab-expert.fr\/index.php?rest_route=\/wp\/v2\/pages\/3954\/revisions\/4115"}],"up":[{"embeddable":true,"href":"https:\/\/gab-expert.fr\/index.php?rest_route=\/wp\/v2\/pages\/461"}],"wp:attachment":[{"href":"https:\/\/gab-expert.fr\/index.php?rest_route=%2Fwp%2Fv2%2Fmedia&parent=3954"}],"curies":[{"name":"wp","href":"https:\/\/api.w.org\/{rel}","templated":true}]}}