{"id":3658,"date":"2020-04-02T12:36:25","date_gmt":"2020-04-02T10:36:25","guid":{"rendered":"http:\/\/localhost\/gab-expert.fr\/?page_id=3658"},"modified":"2020-04-21T17:56:45","modified_gmt":"2020-04-21T15:56:45","slug":"infiltration","status":"publish","type":"page","link":"https:\/\/gab-expert.fr\/?page_id=3658","title":{"rendered":"Infiltration"},"content":{"rendered":"<p>[vc_row equal_height=\u00a0\u00bbyes\u00a0\u00bb][vc_column]<div class=\"mgt-header-block clearfix text-left text-black wpb_content_element  mgt-header-block-style-2 mgt-header-texttransform-header \"><h2 class=\"mgt-header-block-title\">Nos services de d\u00e9tection d'infiltration<\/h2><div class=\"mgt-header-line\"><\/div><\/div>[\/vc_column][vc_column width=\u00a0\u00bb2\/3&Prime; css=\u00a0\u00bb.vc_custom_1585767986281{padding-top: 25px !important;}\u00a0\u00bb][vc_column_text css=\u00a0\u00bb.vc_custom_1585823621954{padding-top: 20px !important;padding-right: 20px !important;padding-bottom: 20px !important;padding-left: 20px !important;}\u00a0\u00bb]<strong>Votre compteur d\u2019eau continue de tourner alors que tous vos robinets sont ferm\u00e9s ? Vous avez remarqu\u00e9 des marques d\u2019humidit\u00e9 sur les murs ?<\/strong><\/p>\n<p>Vous avez tr\u00e8s probablement \u00e0 faire \u00e0 une fuite d&rsquo;eau. Mieux vaut nous appeler rapidement pour l&rsquo;arr\u00eater.<\/p>\n<p>Pour effectuer une recherche de fuite, il est n\u00e9cessaire de conna\u00eetre le trac\u00e9 des canalisations de votre logement, que celles-ci soient enterr\u00e9es ou encastr\u00e9es. Si les plans ne sont pas en votre possession, pas de panique! Nos plombiers chauffagistes placeront un c\u00e2ble \u00e9lectrique charg\u00e9 en courant faible au bout de la tuyauterie. Le champ magn\u00e9tique produit nous permettra de retrouver son trac\u00e9.<\/p>\n<p>L&rsquo;\u00e9tape suivante consiste \u00e0 y rep\u00e9rer la fuite. Ceci est \u00e9galement possible gr\u00e2ce \u00e0 plusieurs de ces techniques, que nous ma\u00eetrisons parfaitement: l&rsquo;\u00e9lectro acoustique, la thermographie, le gaz traceur, l&rsquo;inspection vid\u00e9o, et la cam\u00e9ra thermique.<\/p>\n<p>&nbsp;<\/p>\n<p>Une habitation mal isol\u00e9e peut \u00e9galement provoquer beaucoup de fuites d&rsquo;air, g\u00eanantes pour votre bien-\u00eatre quotidien, ainsi que pour votre porte monnaie. En effet, l&rsquo;inconfort se ressent aussi sur votre facture \u00e9nerg\u00e9tique!<\/p>\n<p>Chez G.A.B, nos experts en infiltrom\u00e9trie vous d\u00e9taillent les origines de ces courants d&rsquo;air. Nos sp\u00e9cialistes en thermographie peuvent aussi vous r\u00e9aliser un diagnostic de performance \u00e9nerg\u00e9tique. Profitez-en! Gr\u00e2ce \u00e0 notre certification Qualibat RGE, elle est \u00e9ligible au cr\u00e9dit d\u2019imp\u00f4t.<\/p>\n<p>Chez G.A.B, les interventions de nos plombiers sont accessibles \u00e0 des prix tr\u00e8s abordables. N&rsquo;h\u00e9sitez plus, et appelez nous d\u00e8s maintenant pour obtenir un devis gratuit![\/vc_column_text][\/vc_column][vc_column width=\u00a0\u00bb1\/3&Prime;]<style scoped='scoped'>.mgt-promo-block-26002.mgt-promo-block.darken .mgt-promo-block-content {background-color: rgba(0,0,0,0.3)!important;}.mgt-promo-block-26002.mgt-promo-block.animated:hover .mgt-promo-block-content {background-color: rgba(0,0,0,0.5)!important;}<\/style><div class=\"mgt-promo-block animated white-text cover-image text-size-normal darken mgt-promo-block-26002 wpb_content_element wpb_animate_when_almost_visible wpb_appear\" data-style=\"width: 100%; height: 250px;\"><div class=\"mgt-promo-block-content\"><div class=\"mgt-promo-block-content-inside\">\n<h2 style=\"text-align: center\">Contactez-nous<\/h2>\n<h1 style=\"text-align: center\"><strong>06.58.10.55.16<\/strong><\/h1>\n<\/div><\/div><\/div>[\/vc_column][\/vc_row][vc_row][vc_column][vc_gallery interval=\u00a0\u00bb3&Prime; images=\u00a0\u00bb3972,3975,3976,3977&Prime; img_size=\u00a0\u00bbfull\u00a0\u00bb][\/vc_column][\/vc_row]<\/p>\n","protected":false},"excerpt":{"rendered":"<p>[vc_row equal_height=\u00a0\u00bbyes\u00a0\u00bb][vc_column][\/vc_column][vc_column width=\u00a0\u00bb2\/3&Prime; css=\u00a0\u00bb.vc_custom_1585767986281{padding-top: 25px !important;}\u00a0\u00bb][vc_column_text css=\u00a0\u00bb.vc_custom_1585823621954{padding-top: 20px !important;padding-right: 20px !important;padding-bottom: 20px !important;padding-left: 20px !important;}\u00a0\u00bb]Votre compteur d\u2019eau continue de tourner alors que tous vos robinets sont ferm\u00e9s ? Vous avez&#8230;<\/p>\n","protected":false},"author":1,"featured_media":0,"parent":461,"menu_order":0,"comment_status":"closed","ping_status":"closed","template":"only-content-page.php","meta":{"footnotes":""},"class_list":["post-3658","page","type-page","status-publish","hentry"],"_links":{"self":[{"href":"https:\/\/gab-expert.fr\/index.php?rest_route=\/wp\/v2\/pages\/3658","targetHints":{"allow":["GET"]}}],"collection":[{"href":"https:\/\/gab-expert.fr\/index.php?rest_route=\/wp\/v2\/pages"}],"about":[{"href":"https:\/\/gab-expert.fr\/index.php?rest_route=\/wp\/v2\/types\/page"}],"author":[{"embeddable":true,"href":"https:\/\/gab-expert.fr\/index.php?rest_route=\/wp\/v2\/users\/1"}],"replies":[{"embeddable":true,"href":"https:\/\/gab-expert.fr\/index.php?rest_route=%2Fwp%2Fv2%2Fcomments&post=3658"}],"version-history":[{"count":5,"href":"https:\/\/gab-expert.fr\/index.php?rest_route=\/wp\/v2\/pages\/3658\/revisions"}],"predecessor-version":[{"id":3980,"href":"https:\/\/gab-expert.fr\/index.php?rest_route=\/wp\/v2\/pages\/3658\/revisions\/3980"}],"up":[{"embeddable":true,"href":"https:\/\/gab-expert.fr\/index.php?rest_route=\/wp\/v2\/pages\/461"}],"wp:attachment":[{"href":"https:\/\/gab-expert.fr\/index.php?rest_route=%2Fwp%2Fv2%2Fmedia&parent=3658"}],"curies":[{"name":"wp","href":"https:\/\/api.w.org\/{rel}","templated":true}]}}