{"id":3657,"date":"2020-04-02T00:52:24","date_gmt":"2020-04-01T22:52:24","guid":{"rendered":"http:\/\/localhost\/gab-expert.fr\/?page_id=3657"},"modified":"2020-04-02T00:54:59","modified_gmt":"2020-04-01T22:54:59","slug":"isolation-thermique","status":"publish","type":"page","link":"https:\/\/gab-expert.fr\/?page_id=3657","title":{"rendered":"Isolation thermique"},"content":{"rendered":"<p>[vc_row equal_height=\u00a0\u00bbyes\u00a0\u00bb][vc_column]<div class=\"mgt-header-block clearfix text-left text-black wpb_content_element  mgt-header-block-style-2 mgt-header-texttransform-header \"><h2 class=\"mgt-header-block-title\">Nos services d'isolation thermique<\/h2><div class=\"mgt-header-line\"><\/div><\/div>[\/vc_column][vc_column width=\u00a0\u00bb2\/3&Prime; css=\u00a0\u00bb.vc_custom_1585767986281{padding-top: 25px !important;}\u00a0\u00bb][vc_column_text css=\u00a0\u00bb.vc_custom_1585781380476{padding-top: 20px !important;padding-right: 20px !important;padding-bottom: 20px !important;padding-left: 20px !important;}\u00a0\u00bb]<strong>Vous souhaitez luttez contre le r\u00e9chauffement climatique tout en r\u00e9duisant votre facture \u00e9nerg\u00e9tique ?<\/strong><\/p>\n<p>Pour am\u00e9liorer la performance \u00e9nerg\u00e9tique de votre habitation, il faut optimiser son \u00e9tanch\u00e9it\u00e9. Nos ouvriers r\u00e9visent l\u2019isolation de votre toiture, de vos combles, des murs, et des ouvertures.<\/p>\n<p>Gr\u00e2ce \u00e0 G.A.B, vous faites des \u00e9conomies !<\/p>\n<p>En effet, notre entreprise dispose d&rsquo;une certification Qualibat RGE, qui vous fait b\u00e9n\u00e9ficier d&rsquo;aides de l&rsquo;\u00c9tat pour financer vos travaux: pr\u00eat \u00e0 taux z\u00e9ro (Eco PTZ), cr\u00e9dit d\u2019imp\u00f4t transition \u00e9nerg\u00e9tique (CITE) et TVA r\u00e9duite. Nos devis sont gratuits et sans engagement. Ce serait dommage de ne pas en profiter ![\/vc_column_text][\/vc_column][vc_column width=\u00a0\u00bb1\/3&Prime;]<style scoped='scoped'>.mgt-promo-block-26002.mgt-promo-block.darken .mgt-promo-block-content {background-color: rgba(0,0,0,0.3)!important;}.mgt-promo-block-26002.mgt-promo-block.animated:hover .mgt-promo-block-content {background-color: rgba(0,0,0,0.5)!important;}<\/style><div class=\"mgt-promo-block animated white-text cover-image text-size-normal darken mgt-promo-block-26002 wpb_content_element wpb_animate_when_almost_visible wpb_appear\" data-style=\"width: 100%; height: 250px;\"><div class=\"mgt-promo-block-content\"><div class=\"mgt-promo-block-content-inside\">\n<h2 style=\"text-align: center\">Contactez-nous<\/h2>\n<h1 style=\"text-align: center\"><strong>06.58.10.55.16<\/strong><\/h1>\n<\/div><\/div><\/div>[\/vc_column][\/vc_row][vc_row][vc_column]<style scoped='scoped'>.mgt-promo-block-68976.mgt-promo-block.darken .mgt-promo-block-content {background-color: rgba(0,0,0,0.3)!important;}.mgt-promo-block-68976.mgt-promo-block.animated:hover .mgt-promo-block-content {background-color: rgba(0,0,0,0.5)!important;}<\/style><div class=\"mgt-promo-block animated white-text cover-image text-size-normal darken mgt-promo-block-68976 wpb_content_element\" data-style=\"background-image: url(https:\/\/gab-expert.fr\/wp-content\/uploads\/2020\/03\/1592-min-scaled.jpg);background-repeat: no-repeat;width: 100%; height: 700px;\"><div class=\"mgt-promo-block-content\"><div class=\"mgt-promo-block-content-inside\"><\/div><\/div><\/div>[\/vc_column][\/vc_row]<\/p>\n","protected":false},"excerpt":{"rendered":"<p>[vc_row equal_height=\u00a0\u00bbyes\u00a0\u00bb][vc_column][\/vc_column][vc_column width=\u00a0\u00bb2\/3&Prime; css=\u00a0\u00bb.vc_custom_1585767986281{padding-top: 25px !important;}\u00a0\u00bb][vc_column_text css=\u00a0\u00bb.vc_custom_1585781380476{padding-top: 20px !important;padding-right: 20px !important;padding-bottom: 20px !important;padding-left: 20px !important;}\u00a0\u00bb]Vous souhaitez luttez contre le r\u00e9chauffement climatique tout en r\u00e9duisant votre facture \u00e9nerg\u00e9tique ? Pour am\u00e9liorer&#8230;<\/p>\n","protected":false},"author":1,"featured_media":0,"parent":461,"menu_order":0,"comment_status":"closed","ping_status":"closed","template":"only-content-page.php","meta":{"footnotes":""},"class_list":["post-3657","page","type-page","status-publish","hentry"],"_links":{"self":[{"href":"https:\/\/gab-expert.fr\/index.php?rest_route=\/wp\/v2\/pages\/3657","targetHints":{"allow":["GET"]}}],"collection":[{"href":"https:\/\/gab-expert.fr\/index.php?rest_route=\/wp\/v2\/pages"}],"about":[{"href":"https:\/\/gab-expert.fr\/index.php?rest_route=\/wp\/v2\/types\/page"}],"author":[{"embeddable":true,"href":"https:\/\/gab-expert.fr\/index.php?rest_route=\/wp\/v2\/users\/1"}],"replies":[{"embeddable":true,"href":"https:\/\/gab-expert.fr\/index.php?rest_route=%2Fwp%2Fv2%2Fcomments&post=3657"}],"version-history":[{"count":2,"href":"https:\/\/gab-expert.fr\/index.php?rest_route=\/wp\/v2\/pages\/3657\/revisions"}],"predecessor-version":[{"id":3667,"href":"https:\/\/gab-expert.fr\/index.php?rest_route=\/wp\/v2\/pages\/3657\/revisions\/3667"}],"up":[{"embeddable":true,"href":"https:\/\/gab-expert.fr\/index.php?rest_route=\/wp\/v2\/pages\/461"}],"wp:attachment":[{"href":"https:\/\/gab-expert.fr\/index.php?rest_route=%2Fwp%2Fv2%2Fmedia&parent=3657"}],"curies":[{"name":"wp","href":"https:\/\/api.w.org\/{rel}","templated":true}]}}