{"id":3646,"date":"2020-04-01T23:41:55","date_gmt":"2020-04-01T21:41:55","guid":{"rendered":"http:\/\/localhost\/gab-expert.fr\/?page_id=3646"},"modified":"2020-04-02T00:37:16","modified_gmt":"2020-04-01T22:37:16","slug":"serrurerie-urgence","status":"publish","type":"page","link":"https:\/\/gab-expert.fr\/?page_id=3646","title":{"rendered":"D\u00e9bouchage de canalisation"},"content":{"rendered":"<p>[vc_row equal_height=\u00a0\u00bbyes\u00a0\u00bb][vc_column]<div class=\"mgt-header-block clearfix text-left text-black wpb_content_element  mgt-header-block-style-2 mgt-header-texttransform-header \"><h2 class=\"mgt-header-block-title\">Nos services de d\u00e9bouchage<\/h2><div class=\"mgt-header-line\"><\/div><\/div>[\/vc_column][vc_column width=\u00a0\u00bb2\/3&Prime; css=\u00a0\u00bb.vc_custom_1585767986281{padding-top: 25px !important;}\u00a0\u00bb][vc_column_text css=\u00a0\u00bb.vc_custom_1585780536343{padding-top: 20px !important;padding-right: 20px !important;padding-bottom: 20px !important;padding-left: 20px !important;}\u00a0\u00bb]<strong>L&rsquo;eau de votre lavabo stagne et ne s&rsquo;\u00e9vacue plus ? Vous avez fait le tour de vos recettes de grands-m\u00e8res, mais le probl\u00e8me persiste ?<\/strong><\/p>\n<p>Au fil du temps, les tuyaux d&rsquo;\u00e9vacuation ont tendance \u00e0 accumuler des bouchons. Sans un entretien r\u00e9gulier de votre part, ce probl\u00e8me en apparence insignifiant, peut tr\u00e8s vite devenir une situation d&rsquo;urgence.<\/p>\n<p>Le moment est venu de faire appel \u00e0 nos plombiers, que ce soit pour d\u00e9boucher votre fosse septique ou la canalisation de votre \u00e9vier. Nos experts utilisent une cam\u00e9ra qui a la particularit\u00e9 d&rsquo;inspecter l&rsquo;int\u00e9rieur de la tuyauterie. Cela nous permet d&rsquo;y localiser pr\u00e9cis\u00e9ment le bouchon \u00e0 \u00e9vacuer.<\/p>\n<p>N&rsquo;attendez pas que la situation se d\u00e9grade, et appelez G.A.B: notre entreprise est sp\u00e9cialis\u00e9e dans le d\u00e9bouchage de canalisation. Nous saurons rem\u00e9dier \u00e0 votre probl\u00e8me, qui ne sera bient\u00f4t plus que de l&rsquo;histoire ancienne ![\/vc_column_text][\/vc_column][vc_column width=\u00a0\u00bb1\/3&Prime;]<style scoped='scoped'>.mgt-promo-block-26002.mgt-promo-block.darken .mgt-promo-block-content {background-color: rgba(0,0,0,0.3)!important;}.mgt-promo-block-26002.mgt-promo-block.animated:hover .mgt-promo-block-content {background-color: rgba(0,0,0,0.5)!important;}<\/style><div class=\"mgt-promo-block animated white-text cover-image text-size-normal darken mgt-promo-block-26002 wpb_content_element wpb_animate_when_almost_visible wpb_appear\" data-style=\"width: 100%; height: 250px;\"><div class=\"mgt-promo-block-content\"><div class=\"mgt-promo-block-content-inside\">\n<h2 style=\"text-align: center\">Contactez-nous<\/h2>\n<h1 style=\"text-align: center\"><strong>06.58.10.55.16<\/strong><\/h1>\n<\/div><\/div><\/div>[\/vc_column][\/vc_row][vc_row][vc_column]<style scoped='scoped'>.mgt-promo-block-68976.mgt-promo-block.darken .mgt-promo-block-content {background-color: rgba(0,0,0,0.3)!important;}.mgt-promo-block-68976.mgt-promo-block.animated:hover .mgt-promo-block-content {background-color: rgba(0,0,0,0.5)!important;}<\/style><div class=\"mgt-promo-block animated white-text cover-image text-size-normal darken mgt-promo-block-68976 wpb_content_element\" data-style=\"background-image: url(https:\/\/gab-expert.fr\/wp-content\/uploads\/2020\/04\/4154-min-scaled-e1585780859513.jpg);background-repeat: no-repeat;width: 100%; height: 700px;\"><div class=\"mgt-promo-block-content\"><div class=\"mgt-promo-block-content-inside\"><\/div><\/div><\/div>[\/vc_column][\/vc_row]<\/p>\n","protected":false},"excerpt":{"rendered":"<p>[vc_row equal_height=\u00a0\u00bbyes\u00a0\u00bb][vc_column][\/vc_column][vc_column width=\u00a0\u00bb2\/3&Prime; css=\u00a0\u00bb.vc_custom_1585767986281{padding-top: 25px !important;}\u00a0\u00bb][vc_column_text css=\u00a0\u00bb.vc_custom_1585780536343{padding-top: 20px !important;padding-right: 20px !important;padding-bottom: 20px !important;padding-left: 20px !important;}\u00a0\u00bb]L&rsquo;eau de votre lavabo stagne et ne s&rsquo;\u00e9vacue plus ? Vous avez fait le tour de&#8230;<\/p>\n","protected":false},"author":1,"featured_media":0,"parent":461,"menu_order":0,"comment_status":"closed","ping_status":"closed","template":"only-content-page.php","meta":{"footnotes":""},"class_list":["post-3646","page","type-page","status-publish","hentry"],"_links":{"self":[{"href":"https:\/\/gab-expert.fr\/index.php?rest_route=\/wp\/v2\/pages\/3646","targetHints":{"allow":["GET"]}}],"collection":[{"href":"https:\/\/gab-expert.fr\/index.php?rest_route=\/wp\/v2\/pages"}],"about":[{"href":"https:\/\/gab-expert.fr\/index.php?rest_route=\/wp\/v2\/types\/page"}],"author":[{"embeddable":true,"href":"https:\/\/gab-expert.fr\/index.php?rest_route=\/wp\/v2\/users\/1"}],"replies":[{"embeddable":true,"href":"https:\/\/gab-expert.fr\/index.php?rest_route=%2Fwp%2Fv2%2Fcomments&post=3646"}],"version-history":[{"count":3,"href":"https:\/\/gab-expert.fr\/index.php?rest_route=\/wp\/v2\/pages\/3646\/revisions"}],"predecessor-version":[{"id":3665,"href":"https:\/\/gab-expert.fr\/index.php?rest_route=\/wp\/v2\/pages\/3646\/revisions\/3665"}],"up":[{"embeddable":true,"href":"https:\/\/gab-expert.fr\/index.php?rest_route=\/wp\/v2\/pages\/461"}],"wp:attachment":[{"href":"https:\/\/gab-expert.fr\/index.php?rest_route=%2Fwp%2Fv2%2Fmedia&parent=3646"}],"curies":[{"name":"wp","href":"https:\/\/api.w.org\/{rel}","templated":true}]}}