{"id":3,"date":"2020-03-17T10:00:17","date_gmt":"2020-03-17T09:00:17","guid":{"rendered":"http:\/\/localhost\/gab-expert.fr\/?page_id=3"},"modified":"2020-04-03T11:52:46","modified_gmt":"2020-04-03T09:52:46","slug":"politique-de-confidentialite","status":"publish","type":"page","link":"https:\/\/gab-expert.fr\/?page_id=3","title":{"rendered":"Politique de confidentialit\u00e9"},"content":{"rendered":"<div class=\"widget-content widget-note\">\n<p class=\"Card__title no-mt underline\">La soci\u00e9t\u00e9 GESTION ARION BATIMENT (G.A.B.) attache une grande importance \u00e0 la protection de votre vie priv\u00e9e et de vos donn\u00e9es.<\/p>\n<p class=\"paragraph\">Nous nous engageons \u00e0 proposer des services de tr\u00e8s haute qualit\u00e9. Nos clients existants ou potentiels ont une grande valeur \u00e0 nos yeux et nous cherchons par cons\u00e9quent \u00e0 prot\u00e9ger au mieux vos donn\u00e9es \u00e0 caract\u00e8re personnel.<\/p>\n<p class=\"paragraph\">La politique de GESTION ARION BATIMENT (G.A.B.) relative \u00e0 la protection des donn\u00e9es en ligne explique de quelle fa\u00e7on GESTION ARION BATIMENT (G.A.B.) collecte, traite et prot\u00e8ge vos donn\u00e9es \u00e0 caract\u00e8re personnel lorsque vous consultez notre site internet ou utilisez nos applications, lorsque vous achetez des prestations GESTION ARION BATIMENT (G.A.B.) via notre site internet, ou lorsque vous postulez en ligne \u00e0 un emploi chez GESTION ARION BATIMENT (G.A.B.), comme l&rsquo;exigent les lois relatives \u00e0 la protection des donn\u00e9es en vigueur dans les pays dans lesquels nous exer\u00e7ons notre activit\u00e9 et notamment le R\u00e8glement G\u00e9n\u00e9ral europ\u00e9en sur la Protection des Donn\u00e9es (R\u00e8glement 2016\/679, appel\u00e9 \u00ab RGPD \u00bb)<\/p>\n<p class=\"paragraph\">Si vous \u00eates un client existant ou potentiel de GESTION ARION BATIMENT (G.A.B.), nous sommes susceptibles d&rsquo;utiliser vos donn\u00e9es \u00e0 caract\u00e8re personnel pour :<\/p>\n<ul>\n<li>vous permettre de naviguer sur notre site Internet et d&rsquo;utiliser votre compte personnel en ligne ;<\/li>\n<li>vous permettre d&rsquo;obtenir des informations sur nos services aupr\u00e8s de notre Service Relations Client\u00e8le, dans notre rubrique \u00ab Contactez-nous \u00bb par exemple ;<\/li>\n<li>recueillir votre opinion sur nos produits et services, en particulier \u00e0 travers des enqu\u00eates et des questionnaires ;<\/li>\n<li>vous tenir inform\u00e9(e) de nos derni\u00e8res changements, campagnes ;<\/li>\n<li>nous permettre de mieux cerner vos int\u00e9r\u00eats et pr\u00e9f\u00e9rences pour pouvoir vous proposer des offres personnalis\u00e9es et d&rsquo;autres services correspondant davantage \u00e0 vos besoins et \u00e0 vos souhaits ;<\/li>\n<\/ul>\n<p class=\"paragraph\">Le traitement de vos donn\u00e9es \u00e0 caract\u00e8re personnel que nous effectuons repose sur notre obligation de respecter toutes les lois et r\u00e9glementations applicables.<\/p>\n<p class=\"paragraph\">Notre engagement est de proposer des services de tr\u00e8s haute qualit\u00e9. \u00c0 cet effet, et pour vous garantir de tels services, nous pouvons avoir besoin de conserver vos donn\u00e9es \u00e0 caract\u00e8re personnel aussi longtemps que n\u00e9cessaire pour pouvoir fournir les dits services.<\/p>\n<\/div>\n<h4>COOKIES:<\/h4>\n<div class=\"widget-content widget-note\">\n<p class=\"paragraph\">Les cookies g\u00e9r\u00e9s par GESTION ARION BATIMENT (G.A.B.) sont conserv\u00e9s jusqu&rsquo;\u00e0 treize mois.<\/p>\n<p class=\"paragraph\">GESTION ARION BATIMENT (G.A.B.) respecte les dur\u00e9es de conservation impos\u00e9es par les lois et r\u00e9glementations en vigueur. Si vos donn\u00e9es ne sont plus n\u00e9cessaires pour fournir un service (y compris le service apr\u00e8s-vente susmentionn\u00e9) ou si vous ne souhaitez plus faire partie de notre liste de distribution concernant les Newsletters, vos donn\u00e9es seront supprim\u00e9es ou archiv\u00e9es sous une forme anonymis\u00e9e ou pseudonymis\u00e9e afin de respecter la r\u00e9glementation en vigueur.<\/p>\n<\/div>\n<h4>VOS DROITS<\/h4>\n<div class=\"widget-content widget-note\">\n<ul>\n<li>Un droit d&rsquo;acc\u00e8s et d&rsquo;information : vous avez le droit d&rsquo;\u00eatre inform\u00e9(e) de fa\u00e7on concise, transparente, compr\u00e9hensible et ais\u00e9ment accessible de la fa\u00e7on dont vos donn\u00e9es \u00e0 caract\u00e8re personnel sont trait\u00e9es. Vous avez \u00e9galement le droit d&rsquo;obtenir (i) la confirmation que des donn\u00e9es \u00e0 caract\u00e8re personnel vous concernant sont trait\u00e9es ou non, et, le cas \u00e9ch\u00e9ant, (ii) d&rsquo;acc\u00e9der auxdites donn\u00e9es \u00e0 caract\u00e8re personnel et d&rsquo;en obtenir une copie.<\/li>\n<li>Un droit de rectification : vous avez le droit d&rsquo;obtenir que vos donn\u00e9es \u00e0 caract\u00e8re personnel soient rectifi\u00e9es. Vous avez \u00e9galement le droit de demander \u00e0 ce que vos donn\u00e9es \u00e0 caract\u00e8re personnel incompl\u00e8tes soient compl\u00e9t\u00e9es.<\/li>\n<li>Un droit \u00e0 l&rsquo;effacement : dans certains cas, vous avez le droit d&rsquo;obtenir l\u2019effacement de vos donn\u00e9es \u00e0 caract\u00e8re personnel. Toutefois, il ne s&rsquo;agit pas d&rsquo;un droit absolu et GESTION ARION BATIMENT (G.A.B.) peut avoir des raisons l\u00e9gales ou l\u00e9gitimes de conserver ces donn\u00e9es.<\/li>\n<li>Un droit \u00e0 la limitation du traitement : dans certains cas, vous avez le droit d&rsquo;obtenir une limitation du traitement de vos donn\u00e9es \u00e0 caract\u00e8re personnel.<\/li>\n<li>Un droit d&rsquo;opposition au traitement : vous avez le droit de vous opposer au traitement de vos donn\u00e9es \u00e0 caract\u00e8re personnel lorsque ce traitement se base sur l&rsquo;int\u00e9r\u00eat l\u00e9gitime de GESTION ARION BATIMENT (G.A.B.). Vous avez \u00e9galement le droit de vous opposer \u00e0 tout moment au traitement de vos donn\u00e9es \u00e0 caract\u00e8re personnel \u00e0 des fins de prospection commerciale.<\/li>\n<\/ul>\n<p class=\"paragraph\">Pour finir, vous avez le droit de d\u00e9poser plainte aupr\u00e8s des autorit\u00e9s de contr\u00f4le comp\u00e9tentes en cas de violation des lois et r\u00e9glementations relatives \u00e0 la protection des donn\u00e9es en vigueur, notamment le RGPD, mais aussi toute autre loi nationale ou r\u00e9gionale relative \u00e0 la protection des donn\u00e9es qui vous concerne.<\/p>\n<p class=\"paragraph\">La pr\u00e9sente politique relative \u00e0 la protection des donn\u00e9es a \u00e9t\u00e9 mise \u00e0 jour le 03 avril 2020. En ce qui concerne les modifications susceptibles d&rsquo;\u00eatre apport\u00e9es \u00e0 la pr\u00e9sente Politique.<\/p>\n<\/div>\n","protected":false},"excerpt":{"rendered":"<p>La soci\u00e9t\u00e9 GESTION ARION BATIMENT (G.A.B.) attache une grande importance \u00e0 la protection de votre vie priv\u00e9e et de vos donn\u00e9es. Nous nous engageons \u00e0 proposer des services de tr\u00e8s&#8230;<\/p>\n","protected":false},"author":1,"featured_media":0,"parent":0,"menu_order":0,"comment_status":"closed","ping_status":"open","template":"","meta":{"footnotes":""},"class_list":["post-3","page","type-page","status-publish","hentry"],"_links":{"self":[{"href":"https:\/\/gab-expert.fr\/index.php?rest_route=\/wp\/v2\/pages\/3","targetHints":{"allow":["GET"]}}],"collection":[{"href":"https:\/\/gab-expert.fr\/index.php?rest_route=\/wp\/v2\/pages"}],"about":[{"href":"https:\/\/gab-expert.fr\/index.php?rest_route=\/wp\/v2\/types\/page"}],"author":[{"embeddable":true,"href":"https:\/\/gab-expert.fr\/index.php?rest_route=\/wp\/v2\/users\/1"}],"replies":[{"embeddable":true,"href":"https:\/\/gab-expert.fr\/index.php?rest_route=%2Fwp%2Fv2%2Fcomments&post=3"}],"version-history":[{"count":2,"href":"https:\/\/gab-expert.fr\/index.php?rest_route=\/wp\/v2\/pages\/3\/revisions"}],"predecessor-version":[{"id":3763,"href":"https:\/\/gab-expert.fr\/index.php?rest_route=\/wp\/v2\/pages\/3\/revisions\/3763"}],"wp:attachment":[{"href":"https:\/\/gab-expert.fr\/index.php?rest_route=%2Fwp%2Fv2%2Fmedia&parent=3"}],"curies":[{"name":"wp","href":"https:\/\/api.w.org\/{rel}","templated":true}]}}