{"id":2047,"date":"2016-05-26T11:54:08","date_gmt":"2016-05-26T11:54:08","guid":{"rendered":"http:\/\/wp.magnium-themes.com\/thebuilt\/thebuilt-onepage\/?page_id=2047"},"modified":"2020-04-29T11:55:30","modified_gmt":"2020-04-29T09:55:30","slug":"about-us-minimal","status":"publish","type":"page","link":"https:\/\/gab-expert.fr\/?page_id=2047","title":{"rendered":"Qui Sommes Nous"},"content":{"rendered":"<p>[vc_row equal_height=\u00a0\u00bbyes\u00a0\u00bb css=\u00a0\u00bb.vc_custom_1464263823580{margin-bottom: 30px !important;}\u00a0\u00bb][vc_column width=\u00a0\u00bb1\/2&Prime;]<div class=\"mgt-header-block clearfix text-left text-black wpb_content_element  mgt-header-block-style-1 mgt-header-texttransform-header  vc_custom_1585311571319\"><h2 class=\"mgt-header-block-title\">QUI SOMMES NOUS ?<\/h2><p class=\"mgt-header-block-subtitle\">GAB Expresse<\/p><div class=\"mgt-header-line\"><\/div><\/div>[vc_column_text]G.A.B. est une soci\u00e9t\u00e9 sp\u00e9cialis\u00e9e dans les interventions de d\u00e9pannage en urgence aupr\u00e8s des particuliers. \u00e9t\u00e9 cr\u00e9\u00e9e en 2016, avec plus de 4000 interventions et 3600 r\u00e9novations \u00e0 son actif.<\/p>\n<p>&nbsp;<\/p>\n<p>Nous offrons \u00e0 nos clients un ensemble de services performants dans les domaines suivants:<\/p>\n<ul>\n<li>Plomberie<\/li>\n<li>Serrurerie<\/li>\n<li>D\u00e9tection de toutes sortes de fuites (fuites d&rsquo;eau, de gaz, d&rsquo;air)<\/li>\n<li>R\u00e9solution des probl\u00e8mes d&rsquo;isolation thermique<\/li>\n<li>R\u00e9novation et construction de cuisines, salles de bain, piscines<\/li>\n<li>Un devis gratuit et des tarifs abordables<\/li>\n<\/ul>\n<p>[\/vc_column_text][vc_column_text]Ce service comporte \u00e9galement :<\/p>\n<ul>\n<li>L&rsquo;accueil t\u00e9l\u00e9phonique 24h\/24 7j\/7, avec un diagnostic pr\u00e9cis de votre situation<\/li>\n<li>La prise en charge, de jour comme de nuit 24h\/24 7j\/7.<\/li>\n<li>Le d\u00e9placement d&rsquo;un technicien qualifi\u00e9 en moins de [minutes\/heures] dans toute l&rsquo;\u00eele de France<\/li>\n<\/ul>\n<p>[\/vc_column_text][\/vc_column][vc_column width=\u00a0\u00bb1\/2&Prime;]<style scoped='scoped'>.mgt-promo-block-80547717583.mgt-promo-block.animated:hover .mgt-promo-block-content {background-color: rgba(0,0,0,0.5)!important;}<\/style><div class=\"mgt-promo-block animated white-text cover-image text-size-normal no-darken mgt-promo-block-80547717583 wpb_content_element\" data-style=\"background-image: url(https:\/\/gab-expert.fr\/wp-content\/uploads\/2020\/03\/2529051-min-scaled.jpg);background-repeat: no-repeat;width: 100%; height: 350px;\"><div class=\"mgt-promo-block-content mgt-hide-button\"><div class=\"mgt-promo-block-content-inside\"><div class=\"mgt-button-wrapper mgt-button-wrapper-align-center mgt-button-wrapper-display-newline mgt-button-top-margin-disable\"><a class=\"btn hvr-bounce-to-right mgt-button mgt-style-solid mgt-size-normal mgt-align-center mgt-display-newline mgt-text-size-normal mgt-button-icon-position-left mgt-text-transform-uppercase \" href=\"http:\/\/wp.magnium-themes.com\/thebuilt\/thebuilt-onepage\/our-services-modern\/\">Our Services<\/a><\/div><\/div><\/div><\/div>[\/vc_column][\/vc_row][vc_row full_width=\u00a0\u00bbstretch_row\u00a0\u00bb css=\u00a0\u00bb.vc_custom_1463480863149{background-color: #1c2126 !important;}\u00a0\u00bb][vc_column]<div class=\"mgt-cta-block clearfix white-text with-text no-side-paddings wpb_content_element\" data-style=\"background-color: ;\"><div class=\"mgt-button-wrapper mgt-button-wrapper-align-right mgt-button-wrapper-display-newline mgt-button-top-margin-disable\"><a class=\"btn hvr-bounce-to-right mgt-button mgt-style-solid mgt-size-normal mgt-align-right mgt-display-newline mgt-text-size-normal mgt-button-icon-position-left mgt-text-transform-uppercase \" href=\"http:\/\/localhost\/gab-expert.fr\/?page_id=791\">Contactez-Nous<\/a><\/div><h5 class=\"mgt-cta-block-header\">Contactez-Nous<\/h5><div class=\"mgt-cta-block-content\">Le num\u00e9ro d\u2019urgence ouvert 7 jours\/7 et 24 h\/24.<\/div><\/div>[\/vc_column][\/vc_row]<\/p>\n","protected":false},"excerpt":{"rendered":"<p>[vc_row equal_height=\u00a0\u00bbyes\u00a0\u00bb css=\u00a0\u00bb.vc_custom_1464263823580{margin-bottom: 30px !important;}\u00a0\u00bb][vc_column width=\u00a0\u00bb1\/2&Prime;][vc_column_text]G.A.B. est une soci\u00e9t\u00e9 sp\u00e9cialis\u00e9e dans les interventions de d\u00e9pannage en urgence aupr\u00e8s des particuliers. \u00e9t\u00e9 cr\u00e9\u00e9e en 2016, avec plus de 4000 interventions et&#8230;<\/p>\n","protected":false},"author":1,"featured_media":0,"parent":0,"menu_order":0,"comment_status":"closed","ping_status":"closed","template":"","meta":{"footnotes":""},"class_list":["post-2047","page","type-page","status-publish","hentry"],"_links":{"self":[{"href":"https:\/\/gab-expert.fr\/index.php?rest_route=\/wp\/v2\/pages\/2047","targetHints":{"allow":["GET"]}}],"collection":[{"href":"https:\/\/gab-expert.fr\/index.php?rest_route=\/wp\/v2\/pages"}],"about":[{"href":"https:\/\/gab-expert.fr\/index.php?rest_route=\/wp\/v2\/types\/page"}],"author":[{"embeddable":true,"href":"https:\/\/gab-expert.fr\/index.php?rest_route=\/wp\/v2\/users\/1"}],"replies":[{"embeddable":true,"href":"https:\/\/gab-expert.fr\/index.php?rest_route=%2Fwp%2Fv2%2Fcomments&post=2047"}],"version-history":[{"count":10,"href":"https:\/\/gab-expert.fr\/index.php?rest_route=\/wp\/v2\/pages\/2047\/revisions"}],"predecessor-version":[{"id":3990,"href":"https:\/\/gab-expert.fr\/index.php?rest_route=\/wp\/v2\/pages\/2047\/revisions\/3990"}],"wp:attachment":[{"href":"https:\/\/gab-expert.fr\/index.php?rest_route=%2Fwp%2Fv2%2Fmedia&parent=2047"}],"curies":[{"name":"wp","href":"https:\/\/api.w.org\/{rel}","templated":true}]}}